{"id":4536,"date":"2023-12-05T14:25:52","date_gmt":"2023-12-05T13:25:52","guid":{"rendered":"https:\/\/www.aim.rs\/?page_id=4536"},"modified":"2026-03-26T18:22:49","modified_gmt":"2026-03-26T17:22:49","slug":"the-region","status":"publish","type":"page","link":"https:\/\/www.aim.rs\/sr\/the-region\/","title":{"rendered":"The Region"},"content":{"rendered":"<div class=\"wpb-content-wrapper\">[vc_row][vc_column][vc_column_text css=&#8221;&#8221;]\n<h1 class=\"title bottom_15\"><a href=\"https:\/\/connectingregion.com\/\" target=\"_blank\" rel=\"noopener noreferrer\"><strong><span style=\"color: #ff0029;\">Connecting The Region<\/span><\/strong><\/a>, regionalna publikacija je prvo i jedinstveno izdanje koje informi\u0161e o regionalnoj saradnji, potencijalima, izazovima i dostignu\u0107ima u regionu. Istra\u017euju\u0107i i promovi\u0161u\u0107i regionalnu saradnju, podsti\u010de razumevanje i ja\u010da bilateralne odnose.<\/h1>\n<p>&nbsp;<\/p>\n<div class=\"td-block-span6 tdm-col\">\n<div class=\"tdm-text-wrap tdm-text-padding\">\n<p class=\"tdm-descr td-fix-index\">Ova publikacija slu\u017eiti kao platforma za povezivanje pojedinaca, organizacija i Vlada, podsti\u010du\u0107i me\u0111usobno razumevanje i utiru\u0107i put za bolju i kvalitetniju budu\u0107nost.<\/p>\n<p>Ekskluzivna publikacija je zna\u010dajna prekretnicu i za na\u0161u izdava\u010dku ku\u0107u <a href=\"https:\/\/www.aim.rs\/sr\/\" target=\"_blank;\" rel=\"noopener\"><span style=\"color: #ff0029;\">alliance international media<\/span><\/a> kao i za medijsku scenu regiona.<\/p>\n<\/div>\n<\/div>\n<div class=\"td-block-span6 tdm-col tdm-col-img\"><\/div>\n[\/vc_column_text][\/vc_column][\/vc_row][vc_row][vc_column width=&#8221;1\/3&#8243; offset=&#8221;vc_hidden-xs&#8221;][\/vc_column][vc_column width=&#8221;1\/3&#8243;][vc_raw_html css=&#8221;&#8221;]JTNDZGl2JTIwY2xhc3MlM0QlMjJjb250YWluZXJIaSUyMiUzRSUwQSUyMCUyMCUyMCUzQ2ltZyUyMHNyYyUzRCUyMiUyRndwLWNvbnRlbnQlMkZ1cGxvYWRzJTJGMjAyNCUyRjExJTJGQ29ubmVjdGluZy1UaGUtUmVnaW9uLTIwMjQtbm8tNC5qcGclMjIlMjBhbHQlM0QlMjJTcGVjaWFsJTIwZWRpdGlvbnMlMjIlMjBjbGFzcyUzRCUyMmltYWdlSGklMjIlM0UlMEElMjAlMjAlM0NhJTIwaHJlZiUzRCUyMmh0dHBzJTNBJTJGJTJGY29ubmVjdGluZ3JlZ2lvbi5jb20lMkZtYWdhemluZSUyRmNvbm5lY3RpbmctdGhlLXJlZ2lvbi0yMDI0LW5vLTQlMkYlMjIlMjB0YXJnZXQlM0QlMjJfYmxhbmslMjIlM0UlM0NkaXYlMjBjbGFzcyUzRCUyMm92ZXJsYXlIaSUyMiUzRSUwQSUyMCUyMCUyMCUyMCUzQ2RpdiUyMGNsYXNzJTNEJTIydGV4dEhpJTIyJTNFQ29ubmVjdGluZyUyMFRoZSUyMFJlZ2lvbiUyMDIwMjQlMjBuby4lMjA0JTNDJTJGZGl2JTNFJTNDJTJGYSUzRSUwQSUyMCUyMCUzQyUyRmRpdiUzRSUwQSUzQyUyRmRpdiUzRQ==[\/vc_raw_html][\/vc_column][vc_column width=&#8221;1\/3&#8243; offset=&#8221;vc_hidden-xs&#8221;][\/vc_column][\/vc_row][vc_row][vc_column width=&#8221;1\/3&#8243; offset=&#8221;vc_hidden-xs&#8221;][\/vc_column][vc_column width=&#8221;1\/3&#8243;][vc_btn title=&#8221;View all issues&#8221; align=&#8221;center&#8221; css_animation=&#8221;appear&#8221; css=&#8221;&#8221; button_block=&#8221;true&#8221; link=&#8221;url:https%3A%2F%2Fconnectingregion.com%2Fmagazine%2F|target:_blank&#8221;][\/vc_column][vc_column width=&#8221;1\/3&#8243; offset=&#8221;vc_hidden-xs&#8221;][\/vc_column][\/vc_row]\n<\/div>","protected":false},"excerpt":{"rendered":"<p>[vc_row][vc_column][vc_column_text css=&#8221;&#8221;] Connecting The Region, regionalna publikacija je prvo i jedinstveno izdanje koje informi\u0161e o regionalnoj saradnji, potencijalima, izazovima i dostignu\u0107ima u regionu. Istra\u017euju\u0107i i promovi\u0161u\u0107i regionalnu saradnju, podsti\u010de razumevanje i ja\u010da bilateralne odnose. &nbsp; Ova publikacija slu\u017eiti kao platforma za povezivanje pojedinaca, organizacija i Vlada, podsti\u010du\u0107i me\u0111usobno razumevanje i utiru\u0107i put za bolju i [&hellip;]<\/p>\n","protected":false},"author":1,"featured_media":0,"parent":0,"menu_order":0,"comment_status":"closed","ping_status":"closed","template":"","meta":{"footnotes":""},"class_list":["post-4536","page","type-page","status-publish","hentry"],"yoast_head":"<!-- This site is optimized with the Yoast SEO plugin v27.3 - https:\/\/yoast.com\/product\/yoast-seo-wordpress\/ -->\n<title>The Region &#187; alliance international media<\/title>\n<meta name=\"robots\" content=\"index, follow, max-snippet:-1, max-image-preview:large, max-video-preview:-1\" \/>\n<link rel=\"canonical\" href=\"https:\/\/www.aim.rs\/sr\/the-region\/\" \/>\n<meta property=\"og:locale\" content=\"sr_RS\" \/>\n<meta property=\"og:type\" content=\"article\" \/>\n<meta property=\"og:title\" content=\"The Region &#187; alliance international media\" \/>\n<meta property=\"og:description\" content=\"[vc_row][vc_column][vc_column_text css=&#8221;&#8221;] Connecting The Region, regionalna publikacija je prvo i jedinstveno izdanje koje informi\u0161e o regionalnoj saradnji, potencijalima, izazovima i dostignu\u0107ima u regionu. Istra\u017euju\u0107i i promovi\u0161u\u0107i regionalnu saradnju, podsti\u010de razumevanje i ja\u010da bilateralne odnose. &nbsp; Ova publikacija slu\u017eiti kao platforma za povezivanje pojedinaca, organizacija i Vlada, podsti\u010du\u0107i me\u0111usobno razumevanje i utiru\u0107i put za bolju i [&hellip;]\" \/>\n<meta property=\"og:url\" content=\"https:\/\/www.aim.rs\/sr\/the-region\/\" \/>\n<meta property=\"og:site_name\" content=\"alliance international media\" \/>\n<meta property=\"article:publisher\" content=\"https:\/\/www.facebook.com\/CorDmagazine\/\" \/>\n<meta property=\"article:modified_time\" content=\"2026-03-26T17:22:49+00:00\" \/>\n<meta property=\"og:image\" content=\"https:\/\/www.aim.rs\/wp-content\/uploads\/2018\/10\/naslovna-facebook-share.jpg\" \/>\n\t<meta property=\"og:image:width\" content=\"1200\" \/>\n\t<meta property=\"og:image:height\" content=\"630\" \/>\n\t<meta property=\"og:image:type\" content=\"image\/jpeg\" \/>\n<meta name=\"twitter:card\" content=\"summary_large_image\" \/>\n<meta name=\"twitter:site\" content=\"@CorD_Magazine\" \/>\n<meta name=\"twitter:label1\" content=\"\u041f\u0440\u043e\u0446\u0435\u045a\u0435\u043d\u043e \u0432\u0440\u0435\u043c\u0435 \u0447\u0438\u0442\u0430\u045a\u0430\" \/>\n\t<meta name=\"twitter:data1\" content=\"1 \u043c\u0438\u043d\u0443\u0442\" \/>\n<script type=\"application\/ld+json\" class=\"yoast-schema-graph\">{\"@context\":\"https:\\\/\\\/schema.org\",\"@graph\":[{\"@type\":\"WebPage\",\"@id\":\"https:\\\/\\\/www.aim.rs\\\/sr\\\/the-region\\\/\",\"url\":\"https:\\\/\\\/www.aim.rs\\\/sr\\\/the-region\\\/\",\"name\":\"The Region &#187; alliance international media\",\"isPartOf\":{\"@id\":\"https:\\\/\\\/www.aim.rs\\\/#website\"},\"datePublished\":\"2023-12-05T13:25:52+00:00\",\"dateModified\":\"2026-03-26T17:22:49+00:00\",\"breadcrumb\":{\"@id\":\"https:\\\/\\\/www.aim.rs\\\/sr\\\/the-region\\\/#breadcrumb\"},\"inLanguage\":\"sr-RS\",\"potentialAction\":[{\"@type\":\"ReadAction\",\"target\":[\"https:\\\/\\\/www.aim.rs\\\/sr\\\/the-region\\\/\"]}]},{\"@type\":\"BreadcrumbList\",\"@id\":\"https:\\\/\\\/www.aim.rs\\\/sr\\\/the-region\\\/#breadcrumb\",\"itemListElement\":[{\"@type\":\"ListItem\",\"position\":1,\"name\":\"Home\",\"item\":\"https:\\\/\\\/www.aim.rs\\\/sr\\\/\"},{\"@type\":\"ListItem\",\"position\":2,\"name\":\"The Region\"}]},{\"@type\":\"WebSite\",\"@id\":\"https:\\\/\\\/www.aim.rs\\\/#website\",\"url\":\"https:\\\/\\\/www.aim.rs\\\/\",\"name\":\"alliance international media\",\"description\":\"\",\"publisher\":{\"@id\":\"https:\\\/\\\/www.aim.rs\\\/#organization\"},\"potentialAction\":[{\"@type\":\"SearchAction\",\"target\":{\"@type\":\"EntryPoint\",\"urlTemplate\":\"https:\\\/\\\/www.aim.rs\\\/?s={search_term_string}\"},\"query-input\":{\"@type\":\"PropertyValueSpecification\",\"valueRequired\":true,\"valueName\":\"search_term_string\"}}],\"inLanguage\":\"sr-RS\"},{\"@type\":\"Organization\",\"@id\":\"https:\\\/\\\/www.aim.rs\\\/#organization\",\"name\":\"alliance international media\",\"url\":\"https:\\\/\\\/www.aim.rs\\\/\",\"logo\":{\"@type\":\"ImageObject\",\"inLanguage\":\"sr-RS\",\"@id\":\"https:\\\/\\\/www.aim.rs\\\/#\\\/schema\\\/logo\\\/image\\\/\",\"url\":\"https:\\\/\\\/www.aim.rs\\\/wp-content\\\/uploads\\\/2019\\\/02\\\/Znak-AIM.jpg\",\"contentUrl\":\"https:\\\/\\\/www.aim.rs\\\/wp-content\\\/uploads\\\/2019\\\/02\\\/Znak-AIM.jpg\",\"width\":712,\"height\":670,\"caption\":\"alliance international media\"},\"image\":{\"@id\":\"https:\\\/\\\/www.aim.rs\\\/#\\\/schema\\\/logo\\\/image\\\/\"},\"sameAs\":[\"https:\\\/\\\/www.facebook.com\\\/CorDmagazine\\\/\",\"https:\\\/\\\/x.com\\\/CorD_Magazine\",\"https:\\\/\\\/www.youtube.com\\\/channel\\\/UCZQ-azzvKQH_RxqvarY7OJw\"]}]}<\/script>\n<!-- \/ Yoast SEO plugin. -->","yoast_head_json":{"title":"The Region &#187; alliance international media","robots":{"index":"index","follow":"follow","max-snippet":"max-snippet:-1","max-image-preview":"max-image-preview:large","max-video-preview":"max-video-preview:-1"},"canonical":"https:\/\/www.aim.rs\/sr\/the-region\/","og_locale":"sr_RS","og_type":"article","og_title":"The Region &#187; alliance international media","og_description":"[vc_row][vc_column][vc_column_text css=&#8221;&#8221;] Connecting The Region, regionalna publikacija je prvo i jedinstveno izdanje koje informi\u0161e o regionalnoj saradnji, potencijalima, izazovima i dostignu\u0107ima u regionu. Istra\u017euju\u0107i i promovi\u0161u\u0107i regionalnu saradnju, podsti\u010de razumevanje i ja\u010da bilateralne odnose. &nbsp; Ova publikacija slu\u017eiti kao platforma za povezivanje pojedinaca, organizacija i Vlada, podsti\u010du\u0107i me\u0111usobno razumevanje i utiru\u0107i put za bolju i [&hellip;]","og_url":"https:\/\/www.aim.rs\/sr\/the-region\/","og_site_name":"alliance international media","article_publisher":"https:\/\/www.facebook.com\/CorDmagazine\/","article_modified_time":"2026-03-26T17:22:49+00:00","og_image":[{"width":1200,"height":630,"url":"https:\/\/www.aim.rs\/wp-content\/uploads\/2018\/10\/naslovna-facebook-share.jpg","type":"image\/jpeg"}],"twitter_card":"summary_large_image","twitter_site":"@CorD_Magazine","twitter_misc":{"\u041f\u0440\u043e\u0446\u0435\u045a\u0435\u043d\u043e \u0432\u0440\u0435\u043c\u0435 \u0447\u0438\u0442\u0430\u045a\u0430":"1 \u043c\u0438\u043d\u0443\u0442"},"schema":{"@context":"https:\/\/schema.org","@graph":[{"@type":"WebPage","@id":"https:\/\/www.aim.rs\/sr\/the-region\/","url":"https:\/\/www.aim.rs\/sr\/the-region\/","name":"The Region &#187; alliance international media","isPartOf":{"@id":"https:\/\/www.aim.rs\/#website"},"datePublished":"2023-12-05T13:25:52+00:00","dateModified":"2026-03-26T17:22:49+00:00","breadcrumb":{"@id":"https:\/\/www.aim.rs\/sr\/the-region\/#breadcrumb"},"inLanguage":"sr-RS","potentialAction":[{"@type":"ReadAction","target":["https:\/\/www.aim.rs\/sr\/the-region\/"]}]},{"@type":"BreadcrumbList","@id":"https:\/\/www.aim.rs\/sr\/the-region\/#breadcrumb","itemListElement":[{"@type":"ListItem","position":1,"name":"Home","item":"https:\/\/www.aim.rs\/sr\/"},{"@type":"ListItem","position":2,"name":"The Region"}]},{"@type":"WebSite","@id":"https:\/\/www.aim.rs\/#website","url":"https:\/\/www.aim.rs\/","name":"alliance international media","description":"","publisher":{"@id":"https:\/\/www.aim.rs\/#organization"},"potentialAction":[{"@type":"SearchAction","target":{"@type":"EntryPoint","urlTemplate":"https:\/\/www.aim.rs\/?s={search_term_string}"},"query-input":{"@type":"PropertyValueSpecification","valueRequired":true,"valueName":"search_term_string"}}],"inLanguage":"sr-RS"},{"@type":"Organization","@id":"https:\/\/www.aim.rs\/#organization","name":"alliance international media","url":"https:\/\/www.aim.rs\/","logo":{"@type":"ImageObject","inLanguage":"sr-RS","@id":"https:\/\/www.aim.rs\/#\/schema\/logo\/image\/","url":"https:\/\/www.aim.rs\/wp-content\/uploads\/2019\/02\/Znak-AIM.jpg","contentUrl":"https:\/\/www.aim.rs\/wp-content\/uploads\/2019\/02\/Znak-AIM.jpg","width":712,"height":670,"caption":"alliance international media"},"image":{"@id":"https:\/\/www.aim.rs\/#\/schema\/logo\/image\/"},"sameAs":["https:\/\/www.facebook.com\/CorDmagazine\/","https:\/\/x.com\/CorD_Magazine","https:\/\/www.youtube.com\/channel\/UCZQ-azzvKQH_RxqvarY7OJw"]}]}},"_links":{"self":[{"href":"https:\/\/www.aim.rs\/sr\/wp-json\/wp\/v2\/pages\/4536","targetHints":{"allow":["GET"]}}],"collection":[{"href":"https:\/\/www.aim.rs\/sr\/wp-json\/wp\/v2\/pages"}],"about":[{"href":"https:\/\/www.aim.rs\/sr\/wp-json\/wp\/v2\/types\/page"}],"author":[{"embeddable":true,"href":"https:\/\/www.aim.rs\/sr\/wp-json\/wp\/v2\/users\/1"}],"replies":[{"embeddable":true,"href":"https:\/\/www.aim.rs\/sr\/wp-json\/wp\/v2\/comments?post=4536"}],"version-history":[{"count":14,"href":"https:\/\/www.aim.rs\/sr\/wp-json\/wp\/v2\/pages\/4536\/revisions"}],"predecessor-version":[{"id":4815,"href":"https:\/\/www.aim.rs\/sr\/wp-json\/wp\/v2\/pages\/4536\/revisions\/4815"}],"wp:attachment":[{"href":"https:\/\/www.aim.rs\/sr\/wp-json\/wp\/v2\/media?parent=4536"}],"curies":[{"name":"wp","href":"https:\/\/api.w.org\/{rel}","templated":true}]}}