{"id":3394,"date":"2015-05-19T13:33:43","date_gmt":"2015-05-19T13:33:43","guid":{"rendered":"http:\/\/www.sm-web.in.rs\/job\/"},"modified":"2024-05-28T16:59:31","modified_gmt":"2024-05-28T14:59:31","slug":"zaposlenje","status":"publish","type":"page","link":"https:\/\/www.aim.rs\/sr\/zaposlenje\/","title":{"rendered":"Zaposlenje"},"content":{"rendered":"<div class=\"wpb-content-wrapper\">[vc_row][vc_column][vc_column_text css=&#8221;&#8221;]\n<p class=\"text\">Za izdanja <span class=\"aim-silver\">aim<\/span> pi\u0161u najugledniji novinari i eksperti iz Srbije, regiona i sveta. Na\u0161 tim \u010dine novinari, prevodioci, lektori, menad\u017eeri projekata, menad\u017eeri prodaje, dizajneri itd.<\/p>\n<p>Usled konstantnog stalnog \u0161irenja portfolija kompanije <span class=\"aim-silver\">aim<\/span> je neprekidno u potrazi za kvalitetnim, motivisanim mladim ljudima, \u017eeljnim dokazivanja i usavr\u0161avanja u medijskoj industriji.<\/p>\n<p>Ukoliko ste zainteresovani da se pridru\u017eite na\u0161em timu, po\u0161aljite va\u0161 CV sa fotografijom i propratnim pismom u kom navedite za\u0161to smatrate da biste bili dobar \u010dlan na\u0161eg tima, zajedno sa o\u010dekivanom platom, na <a href=\"mailto:office@aim.rs\">office@aim.rs<\/a><\/p>\n<p>Otvorene pozicije:[\/vc_column_text][\/vc_column][\/vc_row][vc_row][vc_column][vc_btn title=&#8221;Sales Manager&#8221; style=&#8221;flat&#8221; shape=&#8221;square&#8221; color=&#8221;black&#8221; link=&#8221;url:https%3A%2F%2Fwww.aim.rs%2Fcareers%2Fexecutive-sales-manager%2F&#8221;][\/vc_column][\/vc_row]\n<\/div>","protected":false},"excerpt":{"rendered":"<p>[vc_row][vc_column][vc_column_text css=&#8221;&#8221;] Za izdanja aim pi\u0161u najugledniji novinari i eksperti iz Srbije, regiona i sveta. Na\u0161 tim \u010dine novinari, prevodioci, lektori, menad\u017eeri projekata, menad\u017eeri prodaje, dizajneri itd. Usled konstantnog stalnog \u0161irenja portfolija kompanije aim je neprekidno u potrazi za kvalitetnim, motivisanim mladim ljudima, \u017eeljnim dokazivanja i usavr\u0161avanja u medijskoj industriji. Ukoliko ste zainteresovani da se [&hellip;]<\/p>\n","protected":false},"author":1,"featured_media":0,"parent":0,"menu_order":0,"comment_status":"closed","ping_status":"closed","template":"","meta":{"footnotes":""},"class_list":["post-3394","page","type-page","status-publish","hentry"],"yoast_head":"<!-- This site is optimized with the Yoast SEO plugin v27.3 - https:\/\/yoast.com\/product\/yoast-seo-wordpress\/ -->\n<title>Zaposlenje &#187; alliance international media<\/title>\n<meta name=\"description\" content=\"Ukoliko ste zainteresovani da se pridru\u017eite timu alliance international media, po\u0161aljite CV sa fotografijom i propratnim pismom u kom navedite za\u0161to smatrate da biste bili dobar \u010dlan na\u0161eg tima, zajedno sa o\u010dekivanom platom\" \/>\n<meta name=\"robots\" content=\"index, follow, max-snippet:-1, max-image-preview:large, max-video-preview:-1\" \/>\n<link rel=\"canonical\" href=\"https:\/\/www.aim.rs\/careers\/\" \/>\n<meta property=\"og:locale\" content=\"sr_RS\" \/>\n<meta property=\"og:type\" content=\"article\" \/>\n<meta property=\"og:title\" content=\"Zaposlenje &#187; alliance international media\" \/>\n<meta property=\"og:description\" content=\"Ukoliko ste zainteresovani da se pridru\u017eite timu alliance international media, po\u0161aljite CV sa fotografijom i propratnim pismom u kom navedite za\u0161to smatrate da biste bili dobar \u010dlan na\u0161eg tima, zajedno sa o\u010dekivanom platom\" \/>\n<meta property=\"og:url\" content=\"https:\/\/www.aim.rs\/careers\/\" \/>\n<meta property=\"og:site_name\" content=\"alliance international media\" \/>\n<meta property=\"article:publisher\" content=\"https:\/\/www.facebook.com\/CorDmagazine\/\" \/>\n<meta property=\"article:modified_time\" content=\"2024-05-28T14:59:31+00:00\" \/>\n<meta property=\"og:image\" content=\"https:\/\/www.aim.rs\/wp-content\/uploads\/2018\/10\/naslovna-facebook-share.jpg\" \/>\n\t<meta property=\"og:image:width\" content=\"1200\" \/>\n\t<meta property=\"og:image:height\" content=\"630\" \/>\n\t<meta property=\"og:image:type\" content=\"image\/jpeg\" \/>\n<meta name=\"twitter:card\" content=\"summary_large_image\" \/>\n<meta name=\"twitter:site\" content=\"@CorD_Magazine\" \/>\n<meta name=\"twitter:label1\" content=\"\u041f\u0440\u043e\u0446\u0435\u045a\u0435\u043d\u043e \u0432\u0440\u0435\u043c\u0435 \u0447\u0438\u0442\u0430\u045a\u0430\" \/>\n\t<meta name=\"twitter:data1\" content=\"1 \u043c\u0438\u043d\u0443\u0442\" \/>\n<script type=\"application\/ld+json\" class=\"yoast-schema-graph\">{\"@context\":\"https:\\\/\\\/schema.org\",\"@graph\":[{\"@type\":\"WebPage\",\"@id\":\"https:\\\/\\\/www.aim.rs\\\/careers\\\/\",\"url\":\"https:\\\/\\\/www.aim.rs\\\/careers\\\/\",\"name\":\"Zaposlenje &#187; alliance international media\",\"isPartOf\":{\"@id\":\"https:\\\/\\\/www.aim.rs\\\/#website\"},\"datePublished\":\"2015-05-19T13:33:43+00:00\",\"dateModified\":\"2024-05-28T14:59:31+00:00\",\"description\":\"Ukoliko ste zainteresovani da se pridru\u017eite timu alliance international media, po\u0161aljite CV sa fotografijom i propratnim pismom u kom navedite za\u0161to smatrate da biste bili dobar \u010dlan na\u0161eg tima, zajedno sa o\u010dekivanom platom\",\"breadcrumb\":{\"@id\":\"https:\\\/\\\/www.aim.rs\\\/careers\\\/#breadcrumb\"},\"inLanguage\":\"sr-RS\",\"potentialAction\":[{\"@type\":\"ReadAction\",\"target\":[\"https:\\\/\\\/www.aim.rs\\\/careers\\\/\"]}]},{\"@type\":\"BreadcrumbList\",\"@id\":\"https:\\\/\\\/www.aim.rs\\\/careers\\\/#breadcrumb\",\"itemListElement\":[{\"@type\":\"ListItem\",\"position\":1,\"name\":\"Home\",\"item\":\"https:\\\/\\\/www.aim.rs\\\/sr\\\/\"},{\"@type\":\"ListItem\",\"position\":2,\"name\":\"Zaposlenje\"}]},{\"@type\":\"WebSite\",\"@id\":\"https:\\\/\\\/www.aim.rs\\\/#website\",\"url\":\"https:\\\/\\\/www.aim.rs\\\/\",\"name\":\"alliance international media\",\"description\":\"\",\"publisher\":{\"@id\":\"https:\\\/\\\/www.aim.rs\\\/#organization\"},\"potentialAction\":[{\"@type\":\"SearchAction\",\"target\":{\"@type\":\"EntryPoint\",\"urlTemplate\":\"https:\\\/\\\/www.aim.rs\\\/?s={search_term_string}\"},\"query-input\":{\"@type\":\"PropertyValueSpecification\",\"valueRequired\":true,\"valueName\":\"search_term_string\"}}],\"inLanguage\":\"sr-RS\"},{\"@type\":\"Organization\",\"@id\":\"https:\\\/\\\/www.aim.rs\\\/#organization\",\"name\":\"alliance international media\",\"url\":\"https:\\\/\\\/www.aim.rs\\\/\",\"logo\":{\"@type\":\"ImageObject\",\"inLanguage\":\"sr-RS\",\"@id\":\"https:\\\/\\\/www.aim.rs\\\/#\\\/schema\\\/logo\\\/image\\\/\",\"url\":\"https:\\\/\\\/www.aim.rs\\\/wp-content\\\/uploads\\\/2019\\\/02\\\/Znak-AIM.jpg\",\"contentUrl\":\"https:\\\/\\\/www.aim.rs\\\/wp-content\\\/uploads\\\/2019\\\/02\\\/Znak-AIM.jpg\",\"width\":712,\"height\":670,\"caption\":\"alliance international media\"},\"image\":{\"@id\":\"https:\\\/\\\/www.aim.rs\\\/#\\\/schema\\\/logo\\\/image\\\/\"},\"sameAs\":[\"https:\\\/\\\/www.facebook.com\\\/CorDmagazine\\\/\",\"https:\\\/\\\/x.com\\\/CorD_Magazine\",\"https:\\\/\\\/www.youtube.com\\\/channel\\\/UCZQ-azzvKQH_RxqvarY7OJw\"]}]}<\/script>\n<!-- \/ Yoast SEO plugin. -->","yoast_head_json":{"title":"Zaposlenje &#187; alliance international media","description":"Ukoliko ste zainteresovani da se pridru\u017eite timu alliance international media, po\u0161aljite CV sa fotografijom i propratnim pismom u kom navedite za\u0161to smatrate da biste bili dobar \u010dlan na\u0161eg tima, zajedno sa o\u010dekivanom platom","robots":{"index":"index","follow":"follow","max-snippet":"max-snippet:-1","max-image-preview":"max-image-preview:large","max-video-preview":"max-video-preview:-1"},"canonical":"https:\/\/www.aim.rs\/careers\/","og_locale":"sr_RS","og_type":"article","og_title":"Zaposlenje &#187; alliance international media","og_description":"Ukoliko ste zainteresovani da se pridru\u017eite timu alliance international media, po\u0161aljite CV sa fotografijom i propratnim pismom u kom navedite za\u0161to smatrate da biste bili dobar \u010dlan na\u0161eg tima, zajedno sa o\u010dekivanom platom","og_url":"https:\/\/www.aim.rs\/careers\/","og_site_name":"alliance international media","article_publisher":"https:\/\/www.facebook.com\/CorDmagazine\/","article_modified_time":"2024-05-28T14:59:31+00:00","og_image":[{"width":1200,"height":630,"url":"https:\/\/www.aim.rs\/wp-content\/uploads\/2018\/10\/naslovna-facebook-share.jpg","type":"image\/jpeg"}],"twitter_card":"summary_large_image","twitter_site":"@CorD_Magazine","twitter_misc":{"\u041f\u0440\u043e\u0446\u0435\u045a\u0435\u043d\u043e \u0432\u0440\u0435\u043c\u0435 \u0447\u0438\u0442\u0430\u045a\u0430":"1 \u043c\u0438\u043d\u0443\u0442"},"schema":{"@context":"https:\/\/schema.org","@graph":[{"@type":"WebPage","@id":"https:\/\/www.aim.rs\/careers\/","url":"https:\/\/www.aim.rs\/careers\/","name":"Zaposlenje &#187; alliance international media","isPartOf":{"@id":"https:\/\/www.aim.rs\/#website"},"datePublished":"2015-05-19T13:33:43+00:00","dateModified":"2024-05-28T14:59:31+00:00","description":"Ukoliko ste zainteresovani da se pridru\u017eite timu alliance international media, po\u0161aljite CV sa fotografijom i propratnim pismom u kom navedite za\u0161to smatrate da biste bili dobar \u010dlan na\u0161eg tima, zajedno sa o\u010dekivanom platom","breadcrumb":{"@id":"https:\/\/www.aim.rs\/careers\/#breadcrumb"},"inLanguage":"sr-RS","potentialAction":[{"@type":"ReadAction","target":["https:\/\/www.aim.rs\/careers\/"]}]},{"@type":"BreadcrumbList","@id":"https:\/\/www.aim.rs\/careers\/#breadcrumb","itemListElement":[{"@type":"ListItem","position":1,"name":"Home","item":"https:\/\/www.aim.rs\/sr\/"},{"@type":"ListItem","position":2,"name":"Zaposlenje"}]},{"@type":"WebSite","@id":"https:\/\/www.aim.rs\/#website","url":"https:\/\/www.aim.rs\/","name":"alliance international media","description":"","publisher":{"@id":"https:\/\/www.aim.rs\/#organization"},"potentialAction":[{"@type":"SearchAction","target":{"@type":"EntryPoint","urlTemplate":"https:\/\/www.aim.rs\/?s={search_term_string}"},"query-input":{"@type":"PropertyValueSpecification","valueRequired":true,"valueName":"search_term_string"}}],"inLanguage":"sr-RS"},{"@type":"Organization","@id":"https:\/\/www.aim.rs\/#organization","name":"alliance international media","url":"https:\/\/www.aim.rs\/","logo":{"@type":"ImageObject","inLanguage":"sr-RS","@id":"https:\/\/www.aim.rs\/#\/schema\/logo\/image\/","url":"https:\/\/www.aim.rs\/wp-content\/uploads\/2019\/02\/Znak-AIM.jpg","contentUrl":"https:\/\/www.aim.rs\/wp-content\/uploads\/2019\/02\/Znak-AIM.jpg","width":712,"height":670,"caption":"alliance international media"},"image":{"@id":"https:\/\/www.aim.rs\/#\/schema\/logo\/image\/"},"sameAs":["https:\/\/www.facebook.com\/CorDmagazine\/","https:\/\/x.com\/CorD_Magazine","https:\/\/www.youtube.com\/channel\/UCZQ-azzvKQH_RxqvarY7OJw"]}]}},"_links":{"self":[{"href":"https:\/\/www.aim.rs\/sr\/wp-json\/wp\/v2\/pages\/3394","targetHints":{"allow":["GET"]}}],"collection":[{"href":"https:\/\/www.aim.rs\/sr\/wp-json\/wp\/v2\/pages"}],"about":[{"href":"https:\/\/www.aim.rs\/sr\/wp-json\/wp\/v2\/types\/page"}],"author":[{"embeddable":true,"href":"https:\/\/www.aim.rs\/sr\/wp-json\/wp\/v2\/users\/1"}],"replies":[{"embeddable":true,"href":"https:\/\/www.aim.rs\/sr\/wp-json\/wp\/v2\/comments?post=3394"}],"version-history":[{"count":2,"href":"https:\/\/www.aim.rs\/sr\/wp-json\/wp\/v2\/pages\/3394\/revisions"}],"predecessor-version":[{"id":4684,"href":"https:\/\/www.aim.rs\/sr\/wp-json\/wp\/v2\/pages\/3394\/revisions\/4684"}],"wp:attachment":[{"href":"https:\/\/www.aim.rs\/sr\/wp-json\/wp\/v2\/media?parent=3394"}],"curies":[{"name":"wp","href":"https:\/\/api.w.org\/{rel}","templated":true}]}}