{"id":3342,"date":"2018-10-12T15:09:53","date_gmt":"2018-10-12T15:09:53","guid":{"rendered":"http:\/\/www.sm-web.in.rs\/sportovi\/"},"modified":"2018-10-17T12:14:14","modified_gmt":"2018-10-17T12:14:14","slug":"sportovi","status":"publish","type":"page","link":"https:\/\/www.aim.rs\/sr\/sportovi\/","title":{"rendered":"Sportovi"},"content":{"rendered":"<p style=\"font-size: 14px; text-align: justify;\">Od svog nastanka aim je u saradnji sa najve\u0107im svetskim sportskim asocijacijama i federacijama izdao veliki broj zvani\u010dnih publikacija povodom velikih sportskih takmi\u010denja: od Olimpijskih igara u Atlanti, US, do Pekinga 2008; od Svetskog prvenstva u atletici 2008. do finala Dejvis kupa, kao i zvani\u010dne publikacije u saradnji sa FIFA, UEFA, FIBA, IAAF, FIFpro i druge.<\/p>\n<p>&nbsp;<\/p>\n<div class=\"col-xs-12 col-sm-12 col-md-12\" style=\"text-align: center; margin-bottom: 10px; margin-top: 10px;\">\n<div class=\"col-xs-12 col-sm-6 col-md-3\" style=\"text-align: center; float: left; margin-bottom: 10px; margin-top: 10px;\"><img decoding=\"async\" style=\"border: 1px solid #d5d5d5; height: 196px;\" src=\"http:\/\/aim.rs\/wp-content\/uploads\/2015\/05\/euro-basketball-2005.jpg\" alt=\"euro-basketball-2005\" \/><\/div>\n<div class=\"col-xs-12 col-sm-6 col-md-3\" style=\"text-align: center; float: left; margin-bottom: 10px; margin-top: 10px;\"><a href=\"http:\/\/aim.rs\/sports\/world-basketball-championship-japan-2006\/\"><img decoding=\"async\" style=\"border: 1px solid #d5d5d5; height: 196px;\" src=\"http:\/\/aim.rs\/wp-content\/uploads\/2015\/05\/japan-2006.jpg\" alt=\"japan-2006\" \/><\/a><\/div>\n<div class=\"col-xs-12 col-sm-6 col-md-3\" style=\"text-align: center; float: left; margin-bottom: 10px; margin-top: 10px;\"><img decoding=\"async\" style=\"border: 1px solid #d5d5d5; height: 196px;\" src=\"http:\/\/aim.rs\/wp-content\/uploads\/2015\/05\/germany-2006.jpg\" alt=\"germany-2006\" \/><\/div>\n<div class=\"col-xs-12 col-sm-6 col-md-3\" style=\"text-align: center; float: left; margin-bottom: 10px; margin-top: 10px;\"><img decoding=\"async\" style=\"border: 1px solid #d5d5d5; height: 196px;\" src=\"http:\/\/aim.rs\/wp-content\/uploads\/2015\/05\/fifa-world-cup-germany-2006.jpg\" alt=\"fifa-world-cup-germany-2006\" \/><\/div>\n<div class=\"col-xs-12 col-sm-6 col-md-3\" style=\"text-align: center; float: left; margin-bottom: 10px; margin-top: 10px;\"><img decoding=\"async\" style=\"border: 1px solid #d5d5d5; height: 196px;\" src=\"http:\/\/aim.rs\/wp-content\/uploads\/2015\/05\/vodic-kroz-svetski-tenis.jpg\" alt=\"vodic-kroz-svetski-tenis\" \/><\/div>\n<div class=\"col-xs-12 col-sm-6 col-md-3\" style=\"text-align: center; float: left; margin-bottom: 10px; margin-top: 10px;\"><a href=\"http:\/\/aim.rs\/sports\/davis-cup-2010\/\"><img decoding=\"async\" style=\"border: 1px solid #d5d5d5; height: 196px;\" src=\"http:\/\/aim.rs\/wp-content\/uploads\/2015\/05\/davis-cup-20101.jpg\" alt=\"davis-cup-2010\" \/><\/a><\/div>\n<\/div>\n","protected":false},"excerpt":{"rendered":"<p>Od svog nastanka aim je u saradnji sa najve\u0107im svetskim sportskim asocijacijama i federacijama izdao veliki broj zvani\u010dnih publikacija povodom velikih sportskih takmi\u010denja: od Olimpijskih igara u Atlanti, US, do Pekinga 2008; od Svetskog prvenstva u atletici 2008. do finala Dejvis kupa, kao i zvani\u010dne publikacije u saradnji sa FIFA, UEFA, FIBA, IAAF, FIFpro i [&hellip;]<\/p>\n","protected":false},"author":1,"featured_media":0,"parent":0,"menu_order":0,"comment_status":"closed","ping_status":"closed","template":"","meta":{"footnotes":""},"class_list":["post-3342","page","type-page","status-publish","hentry"],"yoast_head":"<!-- This site is optimized with the Yoast SEO plugin v27.3 - https:\/\/yoast.com\/product\/yoast-seo-wordpress\/ -->\n<title>Sportovi &#187; alliance international media<\/title>\n<meta name=\"robots\" content=\"index, follow, max-snippet:-1, max-image-preview:large, max-video-preview:-1\" \/>\n<link rel=\"canonical\" href=\"https:\/\/www.aim.rs\/sports\/\" \/>\n<meta property=\"og:locale\" content=\"sr_RS\" \/>\n<meta property=\"og:type\" content=\"article\" \/>\n<meta property=\"og:title\" content=\"Sportovi &#187; alliance international media\" \/>\n<meta property=\"og:description\" content=\"Od svog nastanka aim je u saradnji sa najve\u0107im svetskim sportskim asocijacijama i federacijama izdao veliki broj zvani\u010dnih publikacija povodom velikih sportskih takmi\u010denja: od Olimpijskih igara u Atlanti, US, do Pekinga 2008; od Svetskog prvenstva u atletici 2008. do finala Dejvis kupa, kao i zvani\u010dne publikacije u saradnji sa FIFA, UEFA, FIBA, IAAF, FIFpro i [&hellip;]\" \/>\n<meta property=\"og:url\" content=\"https:\/\/www.aim.rs\/sports\/\" \/>\n<meta property=\"og:site_name\" content=\"alliance international media\" \/>\n<meta property=\"article:publisher\" content=\"https:\/\/www.facebook.com\/CorDmagazine\/\" \/>\n<meta property=\"article:modified_time\" content=\"2018-10-17T12:14:14+00:00\" \/>\n<meta property=\"og:image\" content=\"http:\/\/aim.rs\/wp-content\/uploads\/2015\/05\/euro-basketball-2005.jpg\" \/>\n<meta name=\"twitter:card\" content=\"summary_large_image\" \/>\n<meta name=\"twitter:site\" content=\"@CorD_Magazine\" \/>\n<script type=\"application\/ld+json\" class=\"yoast-schema-graph\">{\"@context\":\"https:\\\/\\\/schema.org\",\"@graph\":[{\"@type\":\"WebPage\",\"@id\":\"https:\\\/\\\/www.aim.rs\\\/sports\\\/\",\"url\":\"https:\\\/\\\/www.aim.rs\\\/sports\\\/\",\"name\":\"Sportovi &#187; alliance international media\",\"isPartOf\":{\"@id\":\"https:\\\/\\\/www.aim.rs\\\/#website\"},\"primaryImageOfPage\":{\"@id\":\"https:\\\/\\\/www.aim.rs\\\/sports\\\/#primaryimage\"},\"image\":{\"@id\":\"https:\\\/\\\/www.aim.rs\\\/sports\\\/#primaryimage\"},\"thumbnailUrl\":\"http:\\\/\\\/aim.rs\\\/wp-content\\\/uploads\\\/2015\\\/05\\\/euro-basketball-2005.jpg\",\"datePublished\":\"2018-10-12T15:09:53+00:00\",\"dateModified\":\"2018-10-17T12:14:14+00:00\",\"breadcrumb\":{\"@id\":\"https:\\\/\\\/www.aim.rs\\\/sports\\\/#breadcrumb\"},\"inLanguage\":\"sr-RS\",\"potentialAction\":[{\"@type\":\"ReadAction\",\"target\":[\"https:\\\/\\\/www.aim.rs\\\/sports\\\/\"]}]},{\"@type\":\"ImageObject\",\"inLanguage\":\"sr-RS\",\"@id\":\"https:\\\/\\\/www.aim.rs\\\/sports\\\/#primaryimage\",\"url\":\"http:\\\/\\\/aim.rs\\\/wp-content\\\/uploads\\\/2015\\\/05\\\/euro-basketball-2005.jpg\",\"contentUrl\":\"http:\\\/\\\/aim.rs\\\/wp-content\\\/uploads\\\/2015\\\/05\\\/euro-basketball-2005.jpg\"},{\"@type\":\"BreadcrumbList\",\"@id\":\"https:\\\/\\\/www.aim.rs\\\/sports\\\/#breadcrumb\",\"itemListElement\":[{\"@type\":\"ListItem\",\"position\":1,\"name\":\"Home\",\"item\":\"https:\\\/\\\/www.aim.rs\\\/sr\\\/\"},{\"@type\":\"ListItem\",\"position\":2,\"name\":\"Sportovi\"}]},{\"@type\":\"WebSite\",\"@id\":\"https:\\\/\\\/www.aim.rs\\\/#website\",\"url\":\"https:\\\/\\\/www.aim.rs\\\/\",\"name\":\"alliance international media\",\"description\":\"\",\"publisher\":{\"@id\":\"https:\\\/\\\/www.aim.rs\\\/#organization\"},\"potentialAction\":[{\"@type\":\"SearchAction\",\"target\":{\"@type\":\"EntryPoint\",\"urlTemplate\":\"https:\\\/\\\/www.aim.rs\\\/?s={search_term_string}\"},\"query-input\":{\"@type\":\"PropertyValueSpecification\",\"valueRequired\":true,\"valueName\":\"search_term_string\"}}],\"inLanguage\":\"sr-RS\"},{\"@type\":\"Organization\",\"@id\":\"https:\\\/\\\/www.aim.rs\\\/#organization\",\"name\":\"alliance international media\",\"url\":\"https:\\\/\\\/www.aim.rs\\\/\",\"logo\":{\"@type\":\"ImageObject\",\"inLanguage\":\"sr-RS\",\"@id\":\"https:\\\/\\\/www.aim.rs\\\/#\\\/schema\\\/logo\\\/image\\\/\",\"url\":\"https:\\\/\\\/www.aim.rs\\\/wp-content\\\/uploads\\\/2019\\\/02\\\/Znak-AIM.jpg\",\"contentUrl\":\"https:\\\/\\\/www.aim.rs\\\/wp-content\\\/uploads\\\/2019\\\/02\\\/Znak-AIM.jpg\",\"width\":712,\"height\":670,\"caption\":\"alliance international media\"},\"image\":{\"@id\":\"https:\\\/\\\/www.aim.rs\\\/#\\\/schema\\\/logo\\\/image\\\/\"},\"sameAs\":[\"https:\\\/\\\/www.facebook.com\\\/CorDmagazine\\\/\",\"https:\\\/\\\/x.com\\\/CorD_Magazine\",\"https:\\\/\\\/www.youtube.com\\\/channel\\\/UCZQ-azzvKQH_RxqvarY7OJw\"]}]}<\/script>\n<!-- \/ Yoast SEO plugin. -->","yoast_head_json":{"title":"Sportovi &#187; alliance international media","robots":{"index":"index","follow":"follow","max-snippet":"max-snippet:-1","max-image-preview":"max-image-preview:large","max-video-preview":"max-video-preview:-1"},"canonical":"https:\/\/www.aim.rs\/sports\/","og_locale":"sr_RS","og_type":"article","og_title":"Sportovi &#187; alliance international media","og_description":"Od svog nastanka aim je u saradnji sa najve\u0107im svetskim sportskim asocijacijama i federacijama izdao veliki broj zvani\u010dnih publikacija povodom velikih sportskih takmi\u010denja: od Olimpijskih igara u Atlanti, US, do Pekinga 2008; od Svetskog prvenstva u atletici 2008. do finala Dejvis kupa, kao i zvani\u010dne publikacije u saradnji sa FIFA, UEFA, FIBA, IAAF, FIFpro i [&hellip;]","og_url":"https:\/\/www.aim.rs\/sports\/","og_site_name":"alliance international media","article_publisher":"https:\/\/www.facebook.com\/CorDmagazine\/","article_modified_time":"2018-10-17T12:14:14+00:00","og_image":[{"url":"http:\/\/aim.rs\/wp-content\/uploads\/2015\/05\/euro-basketball-2005.jpg","type":"","width":"","height":""}],"twitter_card":"summary_large_image","twitter_site":"@CorD_Magazine","schema":{"@context":"https:\/\/schema.org","@graph":[{"@type":"WebPage","@id":"https:\/\/www.aim.rs\/sports\/","url":"https:\/\/www.aim.rs\/sports\/","name":"Sportovi &#187; alliance international media","isPartOf":{"@id":"https:\/\/www.aim.rs\/#website"},"primaryImageOfPage":{"@id":"https:\/\/www.aim.rs\/sports\/#primaryimage"},"image":{"@id":"https:\/\/www.aim.rs\/sports\/#primaryimage"},"thumbnailUrl":"http:\/\/aim.rs\/wp-content\/uploads\/2015\/05\/euro-basketball-2005.jpg","datePublished":"2018-10-12T15:09:53+00:00","dateModified":"2018-10-17T12:14:14+00:00","breadcrumb":{"@id":"https:\/\/www.aim.rs\/sports\/#breadcrumb"},"inLanguage":"sr-RS","potentialAction":[{"@type":"ReadAction","target":["https:\/\/www.aim.rs\/sports\/"]}]},{"@type":"ImageObject","inLanguage":"sr-RS","@id":"https:\/\/www.aim.rs\/sports\/#primaryimage","url":"http:\/\/aim.rs\/wp-content\/uploads\/2015\/05\/euro-basketball-2005.jpg","contentUrl":"http:\/\/aim.rs\/wp-content\/uploads\/2015\/05\/euro-basketball-2005.jpg"},{"@type":"BreadcrumbList","@id":"https:\/\/www.aim.rs\/sports\/#breadcrumb","itemListElement":[{"@type":"ListItem","position":1,"name":"Home","item":"https:\/\/www.aim.rs\/sr\/"},{"@type":"ListItem","position":2,"name":"Sportovi"}]},{"@type":"WebSite","@id":"https:\/\/www.aim.rs\/#website","url":"https:\/\/www.aim.rs\/","name":"alliance international media","description":"","publisher":{"@id":"https:\/\/www.aim.rs\/#organization"},"potentialAction":[{"@type":"SearchAction","target":{"@type":"EntryPoint","urlTemplate":"https:\/\/www.aim.rs\/?s={search_term_string}"},"query-input":{"@type":"PropertyValueSpecification","valueRequired":true,"valueName":"search_term_string"}}],"inLanguage":"sr-RS"},{"@type":"Organization","@id":"https:\/\/www.aim.rs\/#organization","name":"alliance international media","url":"https:\/\/www.aim.rs\/","logo":{"@type":"ImageObject","inLanguage":"sr-RS","@id":"https:\/\/www.aim.rs\/#\/schema\/logo\/image\/","url":"https:\/\/www.aim.rs\/wp-content\/uploads\/2019\/02\/Znak-AIM.jpg","contentUrl":"https:\/\/www.aim.rs\/wp-content\/uploads\/2019\/02\/Znak-AIM.jpg","width":712,"height":670,"caption":"alliance international media"},"image":{"@id":"https:\/\/www.aim.rs\/#\/schema\/logo\/image\/"},"sameAs":["https:\/\/www.facebook.com\/CorDmagazine\/","https:\/\/x.com\/CorD_Magazine","https:\/\/www.youtube.com\/channel\/UCZQ-azzvKQH_RxqvarY7OJw"]}]}},"_links":{"self":[{"href":"https:\/\/www.aim.rs\/sr\/wp-json\/wp\/v2\/pages\/3342","targetHints":{"allow":["GET"]}}],"collection":[{"href":"https:\/\/www.aim.rs\/sr\/wp-json\/wp\/v2\/pages"}],"about":[{"href":"https:\/\/www.aim.rs\/sr\/wp-json\/wp\/v2\/types\/page"}],"author":[{"embeddable":true,"href":"https:\/\/www.aim.rs\/sr\/wp-json\/wp\/v2\/users\/1"}],"replies":[{"embeddable":true,"href":"https:\/\/www.aim.rs\/sr\/wp-json\/wp\/v2\/comments?post=3342"}],"version-history":[{"count":0,"href":"https:\/\/www.aim.rs\/sr\/wp-json\/wp\/v2\/pages\/3342\/revisions"}],"wp:attachment":[{"href":"https:\/\/www.aim.rs\/sr\/wp-json\/wp\/v2\/media?parent=3342"}],"curies":[{"name":"wp","href":"https:\/\/api.w.org\/{rel}","templated":true}]}}