{"id":3336,"date":"2015-05-19T14:32:23","date_gmt":"2015-05-19T14:32:23","guid":{"rendered":"http:\/\/www.sm-web.in.rs\/foreign-direct-investments-fdi\/"},"modified":"2026-03-26T18:29:38","modified_gmt":"2026-03-26T17:29:38","slug":"foreign-direct-investments","status":"publish","type":"page","link":"https:\/\/www.aim.rs\/sr\/foreign-direct-investments\/","title":{"rendered":"Direktne strane investicije"},"content":{"rendered":"<div class=\"wpb-content-wrapper\">[vc_row][vc_column][vc_column_text]\n<p class=\"text\">Na temu stranih direktnih investicija na\u0161e publikacije nude kompletan i a\u017euriran uvid u konkurentnost zemalja i njihovih investicija u Srbiji i regionu. Ciljna grupa su ekonomski, politi\u010dki i diplomatski lideri, koji koriste i ove podatke prilikom dono\u0161enja korporativnih odluka. <span class=\"aim-silver\"> aim<\/span> je ponosan na svoju saradnju sa gotovo svim stranim investicionim grupama i organizacijama u Srbiji i regionu, koja neprekidno traje iz godine u godinu ve\u0107 \u010ditavu deceniju.<\/p>\n[\/vc_column_text][\/vc_column][\/vc_row][vc_row css=&#8221;.vc_custom_1540849139689{margin-top: 40px !important;}&#8221; kswr_row_top_decor_enabled=&#8221;false&#8221; kswr_row_bottom_decor_enabled=&#8221;false&#8221;][vc_column width=&#8221;1\/4&#8243; offset=&#8221;vc_hidden-xs&#8221;][\/vc_column][vc_column width=&#8221;1\/4&#8243;][vc_raw_html css=&#8221;&#8221;]JTNDZGl2JTIwY2xhc3MlM0QlMjJjb250YWluZXJIaSUyMiUzRSUwRCUwQSUyMCUyMCUzQ2ltZyUyMHNyYyUzRCUyMmh0dHBzJTNBJTJGJTJGd3d3LmFpbS5ycyUyRndwLWNvbnRlbnQlMkZ1cGxvYWRzJTJGMjAyNiUyRjAzJTJGRklDLTIwMjUuanBnJTIyJTIwYWx0JTNEJTIyRklDJTIyJTIwY2xhc3MlM0QlMjJpbWFnZUhpJTIyJTNFJTBEJTBBJTIwJTIwJTBEJTBBJTIwJTIwJTNDYSUyMGhyZWYlM0QlMjJodHRwcyUzQSUyRiUyRmNvcmRtYWdhemluZS5jb20lMkZzciUyRnRlbWF0c2thLWl6ZGFuamElMkZzYXZldC1zdHJhbmloLWludmVzdGl0b3JhLTIwMjUtMjAyNiUyRiUyMiUzRSUwRCUwQSUyMCUyMCUyMCUyMCUzQ2RpdiUyMGNsYXNzJTNEJTIyb3ZlcmxheUhpJTIyJTNFJTBEJTBBJTIwJTIwJTIwJTIwJTIwJTIwJTNDZGl2JTIwY2xhc3MlM0QlMjJ0ZXh0SGklMjIlM0VTYXZldCUyMHN0cmFuaWglMjBpbnZlc3RpY2lqYSUzQyUyRmRpdiUzRSUwRCUwQSUyMCUyMCUyMCUyMCUzQyUyRmRpdiUzRSUwRCUwQSUyMCUyMCUzQyUyRmElM0UlMEQlMEElMEQlMEElM0MlMkZkaXYlM0U=[\/vc_raw_html][\/vc_column][vc_column width=&#8221;1\/4&#8243;][vc_raw_html css=&#8221;&#8221;]JTNDZGl2JTIwY2xhc3MlM0QlMjJjb250YWluZXJIaSUyMiUzRSUwRCUwQSUyMCUyMCUzQ2ltZyUyMHNyYyUzRCUyMmh0dHBzJTNBJTJGJTJGd3d3LmFpbS5ycyUyRndwLWNvbnRlbnQlMkZ1cGxvYWRzJTJGMjAyNiUyRjAzJTJGTUZJQy0yMDI1LmpwZyUyMiUyMGFsdCUzRCUyMkZvcmVpZ24lMjBEaXJlY3QlMjBJbnZlc3RtZW50cyUyMiUyMGNsYXNzJTNEJTIyaW1hZ2VIaSUyMiUzRSUwRCUwQSUyMCUyMCUwRCUwQSUyMCUyMCUzQ2ElMjBocmVmJTNEJTIyaHR0cHMlM0ElMkYlMkZjb3JkbWFnYXppbmUuY29tJTJGc3IlMkZ0ZW1hdHNrYS1pemRhbmphJTJGdm9kaWMtc2F2amV0YS1zdHJhbmloLWludmVzdGl0b3JhLXUtY3Jub2otZ29yaS0yMDI1JTJGJTIyJTIwdGFyZ2V0JTNEJTIyX2JsYW5rJTIyJTNFJTBEJTBBJTIwJTIwJTIwJTIwJTNDZGl2JTIwY2xhc3MlM0QlMjJvdmVybGF5SGklMjIlM0UlMEQlMEElMjAlMjAlMjAlMjAlMjAlMjAlM0NkaXYlMjBjbGFzcyUzRCUyMnRleHRIaSUyMiUzRVNhdmV0JTIwc3RyYW5paCUyMGludmVzdGljaWphJTIwQ3JuZSUyMEdvcmUlM0MlMkZkaXYlM0UlMEQlMEElMjAlMjAlMjAlMjAlM0MlMkZkaXYlM0UlMEQlMEElMjAlMjAlM0MlMkZhJTNFJTBEJTBBJTBEJTBBJTNDJTJGZGl2JTNF[\/vc_raw_html][\/vc_column][vc_column width=&#8221;1\/4&#8243;][\/vc_column][\/vc_row][vc_row kswr_row_top_decor_enabled=&#8221;false&#8221; kswr_row_bottom_decor_enabled=&#8221;false&#8221;][vc_column width=&#8221;1\/3&#8243;][\/vc_column][vc_column width=&#8221;1\/3&#8243;][vc_btn title=&#8221;Pogledajte sva izdanja&#8221; align=&#8221;center&#8221; css_animation=&#8221;appear&#8221; button_block=&#8221;true&#8221; link=&#8221;url:https%3A%2F%2Fcordmagazine.com%2Fspecial-editions%2F|target:_blank&#8221;][\/vc_column][vc_column width=&#8221;1\/3&#8243;][\/vc_column][\/vc_row]\n<\/div>","protected":false},"excerpt":{"rendered":"<p>[vc_row][vc_column][vc_column_text] Na temu stranih direktnih investicija na\u0161e publikacije nude kompletan i a\u017euriran uvid u konkurentnost zemalja i njihovih investicija u Srbiji i regionu. Ciljna grupa su ekonomski, politi\u010dki i diplomatski lideri, koji koriste i ove podatke prilikom dono\u0161enja korporativnih odluka. aim je ponosan na svoju saradnju sa gotovo svim stranim investicionim grupama i organizacijama u [&hellip;]<\/p>\n","protected":false},"author":1,"featured_media":0,"parent":0,"menu_order":0,"comment_status":"closed","ping_status":"closed","template":"","meta":{"footnotes":""},"class_list":["post-3336","page","type-page","status-publish","hentry"],"yoast_head":"<!-- This site is optimized with the Yoast SEO plugin v27.3 - https:\/\/yoast.com\/product\/yoast-seo-wordpress\/ -->\n<title>Direktne strane investicije &#187; alliance international media<\/title>\n<meta name=\"robots\" content=\"index, follow, max-snippet:-1, max-image-preview:large, max-video-preview:-1\" \/>\n<link rel=\"canonical\" href=\"https:\/\/www.aim.rs\/sr\/foreign-direct-investments\/\" \/>\n<meta property=\"og:locale\" content=\"sr_RS\" \/>\n<meta property=\"og:type\" content=\"article\" \/>\n<meta property=\"og:title\" content=\"Direktne strane investicije &#187; alliance international media\" \/>\n<meta property=\"og:description\" content=\"[vc_row][vc_column][vc_column_text] Na temu stranih direktnih investicija na\u0161e publikacije nude kompletan i a\u017euriran uvid u konkurentnost zemalja i njihovih investicija u Srbiji i regionu. Ciljna grupa su ekonomski, politi\u010dki i diplomatski lideri, koji koriste i ove podatke prilikom dono\u0161enja korporativnih odluka. aim je ponosan na svoju saradnju sa gotovo svim stranim investicionim grupama i organizacijama u [&hellip;]\" \/>\n<meta property=\"og:url\" content=\"https:\/\/www.aim.rs\/sr\/foreign-direct-investments\/\" \/>\n<meta property=\"og:site_name\" content=\"alliance international media\" \/>\n<meta property=\"article:publisher\" content=\"https:\/\/www.facebook.com\/CorDmagazine\/\" \/>\n<meta property=\"article:modified_time\" content=\"2026-03-26T17:29:38+00:00\" \/>\n<meta property=\"og:image\" content=\"https:\/\/www.aim.rs\/wp-content\/uploads\/2018\/10\/naslovna-facebook-share.jpg\" \/>\n\t<meta property=\"og:image:width\" content=\"1200\" \/>\n\t<meta property=\"og:image:height\" content=\"630\" \/>\n\t<meta property=\"og:image:type\" content=\"image\/jpeg\" \/>\n<meta name=\"twitter:card\" content=\"summary_large_image\" \/>\n<meta name=\"twitter:site\" content=\"@CorD_Magazine\" \/>\n<meta name=\"twitter:label1\" content=\"\u041f\u0440\u043e\u0446\u0435\u045a\u0435\u043d\u043e \u0432\u0440\u0435\u043c\u0435 \u0447\u0438\u0442\u0430\u045a\u0430\" \/>\n\t<meta name=\"twitter:data1\" content=\"1 \u043c\u0438\u043d\u0443\u0442\" \/>\n<script type=\"application\/ld+json\" class=\"yoast-schema-graph\">{\"@context\":\"https:\\\/\\\/schema.org\",\"@graph\":[{\"@type\":\"WebPage\",\"@id\":\"https:\\\/\\\/www.aim.rs\\\/sr\\\/foreign-direct-investments\\\/\",\"url\":\"https:\\\/\\\/www.aim.rs\\\/sr\\\/foreign-direct-investments\\\/\",\"name\":\"Direktne strane investicije &#187; alliance international media\",\"isPartOf\":{\"@id\":\"https:\\\/\\\/www.aim.rs\\\/#website\"},\"datePublished\":\"2015-05-19T14:32:23+00:00\",\"dateModified\":\"2026-03-26T17:29:38+00:00\",\"breadcrumb\":{\"@id\":\"https:\\\/\\\/www.aim.rs\\\/sr\\\/foreign-direct-investments\\\/#breadcrumb\"},\"inLanguage\":\"sr-RS\",\"potentialAction\":[{\"@type\":\"ReadAction\",\"target\":[\"https:\\\/\\\/www.aim.rs\\\/sr\\\/foreign-direct-investments\\\/\"]}]},{\"@type\":\"BreadcrumbList\",\"@id\":\"https:\\\/\\\/www.aim.rs\\\/sr\\\/foreign-direct-investments\\\/#breadcrumb\",\"itemListElement\":[{\"@type\":\"ListItem\",\"position\":1,\"name\":\"Home\",\"item\":\"https:\\\/\\\/www.aim.rs\\\/sr\\\/\"},{\"@type\":\"ListItem\",\"position\":2,\"name\":\"Direktne strane investicije\"}]},{\"@type\":\"WebSite\",\"@id\":\"https:\\\/\\\/www.aim.rs\\\/#website\",\"url\":\"https:\\\/\\\/www.aim.rs\\\/\",\"name\":\"alliance international media\",\"description\":\"\",\"publisher\":{\"@id\":\"https:\\\/\\\/www.aim.rs\\\/#organization\"},\"potentialAction\":[{\"@type\":\"SearchAction\",\"target\":{\"@type\":\"EntryPoint\",\"urlTemplate\":\"https:\\\/\\\/www.aim.rs\\\/?s={search_term_string}\"},\"query-input\":{\"@type\":\"PropertyValueSpecification\",\"valueRequired\":true,\"valueName\":\"search_term_string\"}}],\"inLanguage\":\"sr-RS\"},{\"@type\":\"Organization\",\"@id\":\"https:\\\/\\\/www.aim.rs\\\/#organization\",\"name\":\"alliance international media\",\"url\":\"https:\\\/\\\/www.aim.rs\\\/\",\"logo\":{\"@type\":\"ImageObject\",\"inLanguage\":\"sr-RS\",\"@id\":\"https:\\\/\\\/www.aim.rs\\\/#\\\/schema\\\/logo\\\/image\\\/\",\"url\":\"https:\\\/\\\/www.aim.rs\\\/wp-content\\\/uploads\\\/2019\\\/02\\\/Znak-AIM.jpg\",\"contentUrl\":\"https:\\\/\\\/www.aim.rs\\\/wp-content\\\/uploads\\\/2019\\\/02\\\/Znak-AIM.jpg\",\"width\":712,\"height\":670,\"caption\":\"alliance international media\"},\"image\":{\"@id\":\"https:\\\/\\\/www.aim.rs\\\/#\\\/schema\\\/logo\\\/image\\\/\"},\"sameAs\":[\"https:\\\/\\\/www.facebook.com\\\/CorDmagazine\\\/\",\"https:\\\/\\\/x.com\\\/CorD_Magazine\",\"https:\\\/\\\/www.youtube.com\\\/channel\\\/UCZQ-azzvKQH_RxqvarY7OJw\"]}]}<\/script>\n<!-- \/ Yoast SEO plugin. -->","yoast_head_json":{"title":"Direktne strane investicije &#187; alliance international media","robots":{"index":"index","follow":"follow","max-snippet":"max-snippet:-1","max-image-preview":"max-image-preview:large","max-video-preview":"max-video-preview:-1"},"canonical":"https:\/\/www.aim.rs\/sr\/foreign-direct-investments\/","og_locale":"sr_RS","og_type":"article","og_title":"Direktne strane investicije &#187; alliance international media","og_description":"[vc_row][vc_column][vc_column_text] Na temu stranih direktnih investicija na\u0161e publikacije nude kompletan i a\u017euriran uvid u konkurentnost zemalja i njihovih investicija u Srbiji i regionu. Ciljna grupa su ekonomski, politi\u010dki i diplomatski lideri, koji koriste i ove podatke prilikom dono\u0161enja korporativnih odluka. aim je ponosan na svoju saradnju sa gotovo svim stranim investicionim grupama i organizacijama u [&hellip;]","og_url":"https:\/\/www.aim.rs\/sr\/foreign-direct-investments\/","og_site_name":"alliance international media","article_publisher":"https:\/\/www.facebook.com\/CorDmagazine\/","article_modified_time":"2026-03-26T17:29:38+00:00","og_image":[{"width":1200,"height":630,"url":"https:\/\/www.aim.rs\/wp-content\/uploads\/2018\/10\/naslovna-facebook-share.jpg","type":"image\/jpeg"}],"twitter_card":"summary_large_image","twitter_site":"@CorD_Magazine","twitter_misc":{"\u041f\u0440\u043e\u0446\u0435\u045a\u0435\u043d\u043e \u0432\u0440\u0435\u043c\u0435 \u0447\u0438\u0442\u0430\u045a\u0430":"1 \u043c\u0438\u043d\u0443\u0442"},"schema":{"@context":"https:\/\/schema.org","@graph":[{"@type":"WebPage","@id":"https:\/\/www.aim.rs\/sr\/foreign-direct-investments\/","url":"https:\/\/www.aim.rs\/sr\/foreign-direct-investments\/","name":"Direktne strane investicije &#187; alliance international media","isPartOf":{"@id":"https:\/\/www.aim.rs\/#website"},"datePublished":"2015-05-19T14:32:23+00:00","dateModified":"2026-03-26T17:29:38+00:00","breadcrumb":{"@id":"https:\/\/www.aim.rs\/sr\/foreign-direct-investments\/#breadcrumb"},"inLanguage":"sr-RS","potentialAction":[{"@type":"ReadAction","target":["https:\/\/www.aim.rs\/sr\/foreign-direct-investments\/"]}]},{"@type":"BreadcrumbList","@id":"https:\/\/www.aim.rs\/sr\/foreign-direct-investments\/#breadcrumb","itemListElement":[{"@type":"ListItem","position":1,"name":"Home","item":"https:\/\/www.aim.rs\/sr\/"},{"@type":"ListItem","position":2,"name":"Direktne strane investicije"}]},{"@type":"WebSite","@id":"https:\/\/www.aim.rs\/#website","url":"https:\/\/www.aim.rs\/","name":"alliance international media","description":"","publisher":{"@id":"https:\/\/www.aim.rs\/#organization"},"potentialAction":[{"@type":"SearchAction","target":{"@type":"EntryPoint","urlTemplate":"https:\/\/www.aim.rs\/?s={search_term_string}"},"query-input":{"@type":"PropertyValueSpecification","valueRequired":true,"valueName":"search_term_string"}}],"inLanguage":"sr-RS"},{"@type":"Organization","@id":"https:\/\/www.aim.rs\/#organization","name":"alliance international media","url":"https:\/\/www.aim.rs\/","logo":{"@type":"ImageObject","inLanguage":"sr-RS","@id":"https:\/\/www.aim.rs\/#\/schema\/logo\/image\/","url":"https:\/\/www.aim.rs\/wp-content\/uploads\/2019\/02\/Znak-AIM.jpg","contentUrl":"https:\/\/www.aim.rs\/wp-content\/uploads\/2019\/02\/Znak-AIM.jpg","width":712,"height":670,"caption":"alliance international media"},"image":{"@id":"https:\/\/www.aim.rs\/#\/schema\/logo\/image\/"},"sameAs":["https:\/\/www.facebook.com\/CorDmagazine\/","https:\/\/x.com\/CorD_Magazine","https:\/\/www.youtube.com\/channel\/UCZQ-azzvKQH_RxqvarY7OJw"]}]}},"_links":{"self":[{"href":"https:\/\/www.aim.rs\/sr\/wp-json\/wp\/v2\/pages\/3336","targetHints":{"allow":["GET"]}}],"collection":[{"href":"https:\/\/www.aim.rs\/sr\/wp-json\/wp\/v2\/pages"}],"about":[{"href":"https:\/\/www.aim.rs\/sr\/wp-json\/wp\/v2\/types\/page"}],"author":[{"embeddable":true,"href":"https:\/\/www.aim.rs\/sr\/wp-json\/wp\/v2\/users\/1"}],"replies":[{"embeddable":true,"href":"https:\/\/www.aim.rs\/sr\/wp-json\/wp\/v2\/comments?post=3336"}],"version-history":[{"count":20,"href":"https:\/\/www.aim.rs\/sr\/wp-json\/wp\/v2\/pages\/3336\/revisions"}],"predecessor-version":[{"id":4820,"href":"https:\/\/www.aim.rs\/sr\/wp-json\/wp\/v2\/pages\/3336\/revisions\/4820"}],"wp:attachment":[{"href":"https:\/\/www.aim.rs\/sr\/wp-json\/wp\/v2\/media?parent=3336"}],"curies":[{"name":"wp","href":"https:\/\/api.w.org\/{rel}","templated":true}]}}